{"id":92,"date":"2017-03-13T20:45:29","date_gmt":"2017-03-13T19:45:29","guid":{"rendered":"http:\/\/kjs-bitterfeld.acionline.de\/?page_id=92"},"modified":"2022-09-07T19:29:24","modified_gmt":"2022-09-07T19:29:24","slug":"impressum-und-kontakt","status":"publish","type":"page","link":"https:\/\/www.kjs-bitterfeld.de\/index.php\/impressum-und-kontakt\/","title":{"rendered":"Impressum und Kontakt"},"content":{"rendered":"<p><span style=\"color: #800000;\"><strong>Bitte beachten Sie, dass die J\u00e4gerschaft als Organisation nicht f\u00fcr aufgefundene (Wild)Tiere verantwortlich ist. Bitte wenden Sie sich, sofern n\u00f6tig, an die Leitstelle, die Polizei oder das Tierheim.\u00a0<\/strong><\/span><\/p>\n<p><strong>Impressum gem\u00e4\u00df \u00a7 5 TMG \/ \u00a7 55 RStV<br \/>\nVerantwortlicher Seitenbetreiber<\/strong><\/p>\n<p>J\u00e4gerschaft Bitterfeld e.V.<\/p>\n<p>Vorsitzender<br \/>\nRoland Schwarzkopf<\/p>\n<p>Vereinsadresse:<\/p>\n<p>J\u00e4gerschaft Bitterfeld e. V.<br \/>\nIgnatz-Stroof-Str. 1c<br \/>\n06749 Bitterfeld - Wolfen<br \/>\nGermany Sachsen Anhalt<\/p>\n<p>E-Mail: info@kjs-bitterfeld.de<\/p>\n<p>Vereinsregister: gem\u00e4\u00df Amtsgericht Stendal,\u00a0Registernummer: 32298<\/p>\n<p>Fotoquellen:\u00a0<a href=\"https:\/\/pixabay.com\" target=\"_blank\" rel=\"noopener noreferrer\">pixabay<\/a>,\u00a0Andreas Tietz (Privataufnahmen)<\/p>\n<p>Urheberrecht \/ \u00a9 2017\u00a0Copyright der Internetseite:<br \/>\nVervielf\u00e4ltigungen, jeglicher Art der Inhalte dieses Internetangebotes, sind nur mit ausdr\u00fccklicher Zustimmung des Seitenbetreibers oder des jeweiligen (im Einzelnen) Rechteinhabers gestattet. Die Rechte von Material externer Autoren von Artikel und Inhalte in jeglicher Form etwa Design Fotos, Berichte liegen beim jeweiligen Copyright-Inhaber.<\/p>\n<p>WebDesign:\u00a0WordPress-Theme \u201a\u00a0<a href=\"https:\/\/wordpress.org\/themes\/tiny-framework\/\" target=\"_blank\" rel=\"noopener noreferrer\">Tiny-Framework<\/a><\/p>\n<p>Hinweis zu allen Verweisen \/ externe Links:<br \/>\nDer Seitenbetreiber von <a href=\"http:\/\/www.kjs-bitterfeld.de\" target=\"_blank\" rel=\"noopener noreferrer\">kjs-Bitterfeld<\/a> ist nicht f\u00fcr die Inhalte fremder Webseiten verantwortlich, die \u00fcber einen Verweis von dieser Webseite aus betreten werden k\u00f6nnen. Diese Erkl\u00e4rung betrifft auch Verweise, die von Seitenbenutzern selbst \u00fcber das Forum und\/oder das G\u00e4stebuch angebracht werden und nicht dieses Webangebot betreffen.<\/p>\n<p>Haftungsausschluss<\/p>\n<p>1. Inhalt des Onlineangebotes<\/p>\n<p>Der J\u00e4gerschaft Bitterfeld e.V. \u00fcbernimmt keinerlei Gew\u00e4hr f\u00fcr die Aktualit\u00e4t, Korrektheit, Vollst\u00e4ndigkeit oder Qualit\u00e4t der bereitgestellten Informationen. Haftungsanspr\u00fcche gegen den Ihr, welche sich auf Sch\u00e4den materieller oder ideeller Art beziehen, die durch die Nutzung oder Nichtnutzung der dargebotenen Informationen bzw. durch die Nutzung fehlerhafter und unvollst\u00e4ndiger Informationen verursacht wurden sind grunds\u00e4tzlich ausgeschlossen, sofern kein nachweislich vors\u00e4tzliches oder grob fahrl\u00e4ssiges Verschulden vorliegt.<\/p>\n<p>Alle Angebote sind freibleibend und unverbindlich. Die J\u00e4gerschaft beh\u00e4lt es sich ausdr\u00fccklich vor, Teile der Seiten oder das gesamte Angebot ohne gesonderte Ank\u00fcndigung zu ver\u00e4ndern, zu erg\u00e4nzen, zu l\u00f6schen oder die Ver\u00f6ffentlichung zeitweise oder endg\u00fcltig einzustellen.<\/p>\n<p>2. Verweise und Links<\/p>\n<p>Bei direkten oder indirekten Verweisen auf fremde Internetseiten ( \u201eLinks\u201c ), die au\u00dferhalb des Verantwortungsbereiches der J\u00e4gerschaft liegen, w\u00fcrde eine Haftungsverpflichtung ausschlie\u00dflich in dem Fall in Kraft treten, in dem die JS von den Inhalten Kenntnis hat und es ihm technisch m\u00f6glich und zumutbar w\u00e4re, die Nutzung im Falle rechtswidriger Inhalte zu verhindern.<br \/>\nDie J\u00e4gerschaft erkl\u00e4rt hiermit ausdr\u00fccklich, dass zum Zeitpunkt der Linksetzung die entsprechenden verlinkten Seiten frei von illegalen Inhalten waren. Auf die aktuelle und zuk\u00fcnftige Gestaltung, die Inhalte oder die Urheberschaft der gelinkten\/verkn\u00fcpften Seiten hat die J\u00e4gerschaft keinerlei Einfluss. Deshalb distanziert er sich hiermit ausdr\u00fccklich von allen Inhalten aller gelinkten \/verkn\u00fcpften Seiten, die nach der Linksetzung ver\u00e4ndert wurden. Diese Feststellung gilt f\u00fcr alle innerhalb des eigenen Internetangebotes gesetzten Links und Verweise sowie f\u00fcr Fremdeintr\u00e4ge in von der J\u00e4gerschaft eingerichteten G\u00e4steb\u00fcchern, Diskussionsforen und Mailinglisten. F\u00fcr illegale, fehlerhafte oder unvollst\u00e4ndige Inhalte und insbesondere f\u00fcr Sch\u00e4den, die aus der Nutzung oder Nichtnutzung solcherart dargebotener Informationen entstehen, haftet allein der Anbieter der Seite, auf welche verwiesen wurde, nicht derjenige, der \u00fcber Links auf die jeweilige Ver\u00f6ffentlichung lediglich verweist.<\/p>\n<p>3. Urheber- und Kennzeichenrecht<\/p>\n<p>Die J\u00e4gerschaft ist bestrebt, in allen Publikationen die Urheberrechte der verwendeten Grafiken, Tondokumente, Videosequenzen und Texte zu beachten, von ihm selbst erstellte Grafiken, Tondokumente, Videosequenzen und Texte zu nutzen oder auf lizenzfreie Grafiken, Tondokumente, Videosequenzen und Texte zur\u00fcckzugreifen.<br \/>\nAlle innerhalb des Internetangebotes genannten und ggf. durch Dritte gesch\u00e4tzten Marken- und Warenzeichen unterliegen uneingeschr\u00e4nkt den Bestimmungen des jeweils g\u00fcltigen Kennzeichenrechts und den Besitzrechten der jeweiligen eingetragenen Eigent\u00fcmer. Allein aufgrund der blo\u00dfen Nennung ist nicht der Schluss zu ziehen, dass Markenzeichen nicht durch Rechte Dritter gesch\u00fctzt sind!<br \/>\nDas Copyright f\u00fcr ver\u00f6ffentlichte, vom Webmaster selbst erstellte Objekte bleibt allein beim Autor der Seiten. Eine Vervielf\u00e4ltigung oder Verwendung solcher Grafiken, Tondokumente, Videosequenzen und Texte in anderen elektronischen oder gedruckten Publikationen ist ohne ausdr\u00fcckliche Zustimmung des Autors nicht gestattet.<\/p>\n<p>4. Rechtswirksamkeit dieses Haftungsausschlusses<\/p>\n<p>Dieser Haftungsausschluss ist als Teil des Internetangebotes zu betrachten, von dem aus auf diese Seite verwiesen wurde. Sofern Teile oder einzelne Formulierungen dieses Textes der geltenden Rechtslage nicht, nicht mehr oder nicht vollst\u00e4ndig entsprechen sollten, bleiben die \u00fcbrigen Teile des Dokumentes in ihrem Inhalt und ihrer G\u00fcltigkeit davon unber\u00fchrt.<\/p>\n","protected":false},"excerpt":{"rendered":"<p>Bitte beachten Sie, dass die J\u00e4gerschaft als Organisation nicht f\u00fcr aufgefundene (Wild)Tiere verantwortlich ist. Bitte wenden Sie sich, sofern n\u00f6tig, an die Leitstelle, die Polizei oder das Tierheim.\u00a0 Impressum gem\u00e4\u00df \u00a7 5 TMG \/ \u00a7 55 RStV Verantwortlicher Seitenbetreiber J\u00e4gerschaft Bitterfeld e.V. Vorsitzender Roland Schwarzkopf Vereinsadresse: J\u00e4gerschaft Bitterfeld e. V. Ignatz-Stroof-Str. 1c 06749 Bitterfeld - <a href=\"https:\/\/www.kjs-bitterfeld.de\/index.php\/impressum-und-kontakt\/\" class=\"more-link\">...weiterlesen<span class=\"screen-reader-text\"> \"Impressum und Kontakt\"<\/span><\/a><\/p>\n","protected":false},"author":1,"featured_media":0,"parent":0,"menu_order":0,"comment_status":"closed","ping_status":"closed","template":"","meta":{"_bbp_topic_count":0,"_bbp_reply_count":0,"_bbp_total_topic_count":0,"_bbp_total_reply_count":0,"_bbp_voice_count":0,"_bbp_anonymous_reply_count":0,"_bbp_topic_count_hidden":0,"_bbp_reply_count_hidden":0,"_bbp_forum_subforum_count":0},"_links":{"self":[{"href":"https:\/\/www.kjs-bitterfeld.de\/index.php\/wp-json\/wp\/v2\/pages\/92"}],"collection":[{"href":"https:\/\/www.kjs-bitterfeld.de\/index.php\/wp-json\/wp\/v2\/pages"}],"about":[{"href":"https:\/\/www.kjs-bitterfeld.de\/index.php\/wp-json\/wp\/v2\/types\/page"}],"author":[{"embeddable":true,"href":"https:\/\/www.kjs-bitterfeld.de\/index.php\/wp-json\/wp\/v2\/users\/1"}],"replies":[{"embeddable":true,"href":"https:\/\/www.kjs-bitterfeld.de\/index.php\/wp-json\/wp\/v2\/comments?post=92"}],"version-history":[{"count":17,"href":"https:\/\/www.kjs-bitterfeld.de\/index.php\/wp-json\/wp\/v2\/pages\/92\/revisions"}],"predecessor-version":[{"id":1272,"href":"https:\/\/www.kjs-bitterfeld.de\/index.php\/wp-json\/wp\/v2\/pages\/92\/revisions\/1272"}],"wp:attachment":[{"href":"https:\/\/www.kjs-bitterfeld.de\/index.php\/wp-json\/wp\/v2\/media?parent=92"}],"curies":[{"name":"wp","href":"https:\/\/api.w.org\/{rel}","templated":true}]}}