{"id":875,"date":"2018-11-20T17:10:44","date_gmt":"2018-11-20T16:10:44","guid":{"rendered":"http:\/\/kjs-bitterfeld.de\/?page_id=875"},"modified":"2025-01-23T08:32:13","modified_gmt":"2025-01-23T08:32:13","slug":"auftritte-der-jagdhornblaeser","status":"publish","type":"page","link":"https:\/\/www.kjs-bitterfeld.de\/index.php\/jagdhornblaeser\/auftritte-der-jagdhornblaeser\/","title":{"rendered":"Auftritte der Jagdhornbl\u00e4ser"},"content":{"rendered":"<p>Auf dieser Seite ver\u00f6ffentlichen wir die Auftrittstermine unserer Jagdhornbl\u00e4ser. F\u00fcr weitere Informationen wenden Sie sich bitte an die Kontaktdaten auf der Seite\u00a0<a href=\"http:\/\/kjs-bitterfeld.de\/index.php\/jagdhornblaeser\/\">Jagdhornbl\u00e4ser<\/a>.<\/p>\n<p><span style=\"color: #000000;\"><span style=\"color: #800000;\"><span style=\"color: #000000;\">In k\u00fcrze wird die Terminplanung f\u00fcr das Jahr 2025 ver\u00f6ffentlicht.<\/span><\/span><\/span><\/p>\n","protected":false},"excerpt":{"rendered":"<p>Auf dieser Seite ver\u00f6ffentlichen wir die Auftrittstermine unserer Jagdhornbl\u00e4ser. F\u00fcr weitere Informationen wenden Sie sich bitte an die Kontaktdaten auf der Seite\u00a0Jagdhornbl\u00e4ser. In k\u00fcrze wird die Terminplanung f\u00fcr das Jahr 2025 ver\u00f6ffentlicht.<\/p>\n","protected":false},"author":764,"featured_media":0,"parent":118,"menu_order":0,"comment_status":"closed","ping_status":"closed","template":"","meta":{"_bbp_topic_count":0,"_bbp_reply_count":0,"_bbp_total_topic_count":0,"_bbp_total_reply_count":0,"_bbp_voice_count":0,"_bbp_anonymous_reply_count":0,"_bbp_topic_count_hidden":0,"_bbp_reply_count_hidden":0,"_bbp_forum_subforum_count":0},"_links":{"self":[{"href":"https:\/\/www.kjs-bitterfeld.de\/index.php\/wp-json\/wp\/v2\/pages\/875"}],"collection":[{"href":"https:\/\/www.kjs-bitterfeld.de\/index.php\/wp-json\/wp\/v2\/pages"}],"about":[{"href":"https:\/\/www.kjs-bitterfeld.de\/index.php\/wp-json\/wp\/v2\/types\/page"}],"author":[{"embeddable":true,"href":"https:\/\/www.kjs-bitterfeld.de\/index.php\/wp-json\/wp\/v2\/users\/764"}],"replies":[{"embeddable":true,"href":"https:\/\/www.kjs-bitterfeld.de\/index.php\/wp-json\/wp\/v2\/comments?post=875"}],"version-history":[{"count":5,"href":"https:\/\/www.kjs-bitterfeld.de\/index.php\/wp-json\/wp\/v2\/pages\/875\/revisions"}],"predecessor-version":[{"id":1363,"href":"https:\/\/www.kjs-bitterfeld.de\/index.php\/wp-json\/wp\/v2\/pages\/875\/revisions\/1363"}],"up":[{"embeddable":true,"href":"https:\/\/www.kjs-bitterfeld.de\/index.php\/wp-json\/wp\/v2\/pages\/118"}],"wp:attachment":[{"href":"https:\/\/www.kjs-bitterfeld.de\/index.php\/wp-json\/wp\/v2\/media?parent=875"}],"curies":[{"name":"wp","href":"https:\/\/api.w.org\/{rel}","templated":true}]}}