{"id":757,"date":"2018-05-23T20:32:54","date_gmt":"2018-05-23T18:32:54","guid":{"rendered":"http:\/\/kjs-bitterfeld.de\/?page_id=757"},"modified":"2022-09-07T19:30:32","modified_gmt":"2022-09-07T19:30:32","slug":"datenschutzerklaerung","status":"publish","type":"page","link":"https:\/\/www.kjs-bitterfeld.de\/index.php\/datenschutzerklaerung\/","title":{"rendered":"Datenschutzerkl\u00e4rung"},"content":{"rendered":"<p><strong>Information \u00fcber die Erhebung personenbezogener Daten<\/strong><\/p>\n<p>Im Folgenden informieren wir \u00fcber die Erhebung personenbezogener Daten bei Nutzung unserer Internetseite.<\/p>\n<p>Personenbezogene Daten sind alle Daten, die auf sie pers\u00f6nlich beziehbar sind, z. B. Name, Adresse, E-Mail-Adresse, Nutzerverhalten.<\/p>\n<p><strong>Verantwortlicher gem. Art. 4 Abs. 7 Datenschutz-Grundverordnung (DSGVO):<\/strong><\/p>\n<p>J\u00e4gerschaft Bitterfeld e.V.<\/p>\n<p>Vorsitzender<br \/>\nRoland Schwarzkopf<\/p>\n<p>Vereinsadresse:<\/p>\n<p>J\u00e4gerschaft Bitterfeld e. V.<br \/>\nIgnatz-Stroof-Str. 1c<br \/>\n06749 Bitterfeld - Wolfen<br \/>\nGermany Sachsen Anhalt<\/p>\n<p>Vereinsregister: gem\u00e4\u00df Amtsgericht Stendal,\u00a0Registernummer: 32298<\/p>\n<p><strong>Hoster des Webauftritts<\/strong><\/p>\n<p>Unsere Webseite wird von der folgenden Firma gehostet:<\/p>\n<p>Anhaltische Computer Innovationsgesellschaft mbH<br \/>\nSeelmannstra\u00dfe 2<br \/>\n06847 Dessau-Ro\u00dflau<\/p>\n<p>Kontakt<br \/>\n0340 \u2013 260 69 0<br \/>\n0340 \u2013 240 01 41<br \/>\ninfo@anhalt-computer.de<br \/>\n<a href=\"http:\/\/www.anhalt-computer.de\" target=\"_blank\" rel=\"noopener noreferrer\">www.anhalt-computer.de<\/a><\/p>\n<p><strong>Datenschutz<\/strong><\/p>\n<p>Die Betreiber dieser Seiten nehmen den Schutz Ihrer pers\u00f6nlichen Daten sehr ernst. Wir behandeln Ihre personenbezogenen Daten vertraulich und entsprechend der gesetzlichen Datenschutzvorschriften sowie dieser Datenschutzerkl\u00e4rung.<\/p>\n<p>Die Nutzung unserer Webseite ist in der Regel ohne Angabe personenbezogener Daten m\u00f6glich. Soweit auf unseren Seiten personenbezogene Daten (beispielsweise Name, Anschrift oder E-Mail-Adressen) erhoben werden, erfolgt dies, soweit m\u00f6glich, stets auf freiwilliger Basis. Diese Daten werden ohne Ihre ausdr\u00fcckliche Zustimmung nicht an Dritte weitergegeben.<\/p>\n<p>Wir weisen darauf hin, dass die Daten\u00fcbertragung im Internet (z.B. bei der Kommunikation per E-Mail) Sicherheitsl\u00fccken aufweisen kann. Ein l\u00fcckenloser Schutz der Daten vor dem Zugriff durch Dritte ist nicht m\u00f6glich.<\/p>\n<p><strong>Auskunft, L\u00f6schung, Sperrung<\/strong><\/p>\n<p>Sie haben jederzeit das Recht auf unentgeltliche Auskunft \u00fcber Ihre gespeicherten personenbezogenen Daten, deren Herkunft und Empf\u00e4nger und den Zweck der Datenverarbeitung sowie ein Recht auf Berichtigung, Sperrung oder L\u00f6schung dieser Daten. Hierzu sowie zu weiteren Fragen zum Thema personenbezogene Daten k\u00f6nnen Sie sich jederzeit unter der im Impressum angegebenen Adresse oder per E-Mail (info@kjs-bitterfeld.de) an uns wenden.<\/p>\n<p><strong>Cookies<\/strong><\/p>\n<p>Die Internetseiten verwenden teilweise so genannte Cookies. Cookies richten auf Ihrem Rechner keinen Schaden an und enthalten keine Viren. Cookies dienen dazu, unser Angebot nutzerfreundlicher, effektiver und sicherer zu machen. Cookies sind kleine Textdateien, die auf Ihrem Rechner abgelegt werden und die Ihr Browser speichert.<\/p>\n<p>Die meisten der von uns verwendeten Cookies sind so genannte \u201eSession-Cookies\u201c. Sie werden nach Ende Ihres Besuchs automatisch gel\u00f6scht. Andere Cookies bleiben auf Ihrem Endger\u00e4t gespeichert, bis Sie diese l\u00f6schen. Diese Cookies erm\u00f6glichen es uns, Ihren Browser beim n\u00e4chsten Besuch wiederzuerkennen.<\/p>\n<p>Sie k\u00f6nnen Ihren Browser so einstellen, dass Sie \u00fcber das Setzen von Cookies informiert werden und Cookies nur im Einzelfall erlauben, die Annahme von Cookies f\u00fcr bestimmte F\u00e4lle oder generell ausschlie\u00dfen sowie das automatische L\u00f6schen der Cookies beim Schlie\u00dfen des Browser aktivieren. Bei der Deaktivierung von Cookies kann die Funktionalit\u00e4t dieser Website eingeschr\u00e4nkt sein.<\/p>\n<p><strong>Server-Log-Files<\/strong><\/p>\n<p>Bei der blo\u00dfen informatorischen Nutzung unserer Website (also, wenn Sie die Website ohne sich zu registrieren oder anderweitigen Informationen zu \u00fcbermitteln nutzen) erheben wir nur die personenbezogenen Daten, die Ihr Browser an unseren Server \u00fcbermittelt. Wenn Sie unsere Website betrachten m\u00f6chten, erheben wir die folgenden Daten, die f\u00fcr uns technisch erforderlich sind, um Ihnen unsere Internetseite anzuzeigen und die Stabilit\u00e4t und Sicherheit zu gew\u00e4hrleisten.<\/p>\n<p>Gem\u00e4\u00df Art. 6 Abs. 1 Satz 1 lit. f) DSGVO sind dies folgende Daten:<\/p>\n<ul>\n<li>IP-Adresse<\/li>\n<li>Datum und Uhrzeit der Anfrage<\/li>\n<li>Zeitzonendifferenz zur Greenwich Mean Time (GMT)<\/li>\n<li>Zugriffsstatus\/http-Status-Code<\/li>\n<li>Jeweils die \u00fcbertragene Datenmenge<\/li>\n<li>Website, von der die Anforderung kommt<\/li>\n<li>Die Art des Browsers<\/li>\n<li>Das Betriebssystem und dessen Oberfl\u00e4che<\/li>\n<li>Sprache und Version der Browser-Software<\/li>\n<\/ul>\n<p>Diese Daten sind nicht bestimmten Personen zuordenbar. Eine Zusammenf\u00fchrung dieser Daten mit anderen Datenquellen wird nicht vorgenommen. Wir behalten uns vor, diese Daten nachtr\u00e4glich zu pr\u00fcfen, wenn uns konkrete Anhaltspunkte f\u00fcr eine rechtswidrige Nutzung bekannt werden.<\/p>\n<p>Die Daten der Server-Log-Files werden von unserem Hoster nach 30 Tagen gel\u00f6scht.<\/p>\n<p><strong>Widerspruch Werbe-Mails<\/strong><\/p>\n<p>Der Nutzung von im Rahmen der Impressumspflicht ver\u00f6ffentlichten Kontaktdaten zur \u00dcbersendung von nicht ausdr\u00fccklich angeforderter Werbung und Informationsmaterialien wird hiermit widersprochen. Die Betreiber der Seiten behalten sich ausdr\u00fccklich rechtliche Schritte im Falle der unverlangten Zusendung von Werbeinformationen, etwa durch Spam-E-Mails, vor.<\/p>\n<p><strong>Newsletterdaten<\/strong><\/p>\n<p>Wenn Sie den auf der Webseite angebotenen Newsletter beziehen m\u00f6chten, ben\u00f6tigen wir von Ihnen eine E-Mail-Adresse sowie Informationen, welche uns die \u00dcberpr\u00fcfung gestatten, dass Sie der Inhaber der angegebenen E-Mail-Adresse sind und mit dem Empfang des Newsletters einverstanden sind. Weitere Daten werden nicht erhoben. Diese Daten verwenden wir ausschlie\u00dflich f\u00fcr den Versand der angeforderten Informationen und geben sie nicht an Dritte weiter.<\/p>\n<p>Die erteilte Einwilligung zur Speicherung der Daten, der E-Mail-Adresse sowie deren Nutzung zum Versand des Newsletters k\u00f6nnen Sie jederzeit widerrufen , etwa \u00fcber den \u201eAustragen\u201c-Link im Newsletter.<\/p>\n<p><strong>Eingebettete YouTube-Videos<\/strong><\/p>\n<p>Auf einigen unserer Webseiten betten wir Youtube-Videos ein. Betreiber der entsprechenden Plugins ist die YouTube, LLC, 901 Cherry Ave., San Bruno, CA 94066, USA. Wenn Sie eine Seite mit dem YouTube-Plugin besuchen, wird eine Verbindung zu Servern von Youtube hergestellt. Dabei wird Youtube mitgeteilt, welche Seiten Sie besuchen. Wenn Sie in Ihrem Youtube-Account eingeloggt sind, kann Youtube Ihr Surfverhalten Ihnen pers\u00f6nlich zuzuordnen. Dies verhindern Sie, indem Sie sich vorher aus Ihrem Youtube-Account ausloggen.<\/p>\n<p>Wird ein Youtube-Video gestartet, setzt der Anbieter Cookies ein, die Hinweise \u00fcber das Nutzerverhalten sammeln.<\/p>\n<p>Wer das Speichern von Cookies f\u00fcr das Google-Ad-Programm deaktiviert hat, wird auch beim Anschauen von Youtube-Videos mit keinen solchen Cookies rechnen m\u00fcssen. Youtube legt aber auch in anderen Cookies nicht-personenbezogene Nutzungsinformationen ab. M\u00f6chten Sie dies verhindern, so m\u00fcssen Sie das Speichern von Cookies im Browser blockieren.<\/p>\n<p>Weitere Informationen zum Datenschutz bei \u201eYoutube\u201c finden Sie in der Datenschutzerkl\u00e4rung des Anbieters unter: https:\/\/www.google.de\/intl\/de\/policies\/privacy\/<\/p>\n","protected":false},"excerpt":{"rendered":"<p>Information \u00fcber die Erhebung personenbezogener Daten Im Folgenden informieren wir \u00fcber die Erhebung personenbezogener Daten bei Nutzung unserer Internetseite. Personenbezogene Daten sind alle Daten, die auf sie pers\u00f6nlich beziehbar sind, z. B. Name, Adresse, E-Mail-Adresse, Nutzerverhalten. Verantwortlicher gem. Art. 4 Abs. 7 Datenschutz-Grundverordnung (DSGVO): J\u00e4gerschaft Bitterfeld e.V. Vorsitzender Roland Schwarzkopf Vereinsadresse: J\u00e4gerschaft Bitterfeld e. V. <a href=\"https:\/\/www.kjs-bitterfeld.de\/index.php\/datenschutzerklaerung\/\" class=\"more-link\">...weiterlesen<span class=\"screen-reader-text\"> \"Datenschutzerkl\u00e4rung\"<\/span><\/a><\/p>\n","protected":false},"author":1,"featured_media":0,"parent":0,"menu_order":0,"comment_status":"closed","ping_status":"closed","template":"","meta":{"_bbp_topic_count":0,"_bbp_reply_count":0,"_bbp_total_topic_count":0,"_bbp_total_reply_count":0,"_bbp_voice_count":0,"_bbp_anonymous_reply_count":0,"_bbp_topic_count_hidden":0,"_bbp_reply_count_hidden":0,"_bbp_forum_subforum_count":0},"_links":{"self":[{"href":"https:\/\/www.kjs-bitterfeld.de\/index.php\/wp-json\/wp\/v2\/pages\/757"}],"collection":[{"href":"https:\/\/www.kjs-bitterfeld.de\/index.php\/wp-json\/wp\/v2\/pages"}],"about":[{"href":"https:\/\/www.kjs-bitterfeld.de\/index.php\/wp-json\/wp\/v2\/types\/page"}],"author":[{"embeddable":true,"href":"https:\/\/www.kjs-bitterfeld.de\/index.php\/wp-json\/wp\/v2\/users\/1"}],"replies":[{"embeddable":true,"href":"https:\/\/www.kjs-bitterfeld.de\/index.php\/wp-json\/wp\/v2\/comments?post=757"}],"version-history":[{"count":11,"href":"https:\/\/www.kjs-bitterfeld.de\/index.php\/wp-json\/wp\/v2\/pages\/757\/revisions"}],"predecessor-version":[{"id":1273,"href":"https:\/\/www.kjs-bitterfeld.de\/index.php\/wp-json\/wp\/v2\/pages\/757\/revisions\/1273"}],"wp:attachment":[{"href":"https:\/\/www.kjs-bitterfeld.de\/index.php\/wp-json\/wp\/v2\/media?parent=757"}],"curies":[{"name":"wp","href":"https:\/\/api.w.org\/{rel}","templated":true}]}}