{"id":653,"date":"2018-01-17T20:10:51","date_gmt":"2018-01-17T19:10:51","guid":{"rendered":"http:\/\/kjs-bitterfeld.de\/?page_id=653"},"modified":"2024-06-24T16:39:35","modified_gmt":"2024-06-24T16:39:35","slug":"afrikanische-schweinepest-asp","status":"publish","type":"page","link":"https:\/\/www.kjs-bitterfeld.de\/index.php\/afrikanische-schweinepest-asp\/","title":{"rendered":"Afrikanische Schweinepest (ASP)"},"content":{"rendered":"<h2>Allgemeinverf\u00fcgung \"Transport verendeter Sauen\"<\/h2>\n<p>Die Bundesanstalt f\u00fcr Materialforschung und -pr\u00fcfung (BAM) hat in Abstimmung mit dem Robert-Koch-Institut sowie dem Bundesverkehrsministerium eine Allgemeinverf\u00fcgung herausgegeben, welche regelt wie Tierk\u00f6rper bzw. Teile von <span style=\"color: #800000;\"><strong>Schwarzwild im Stra\u00dfenverkehr zu transportieren<\/strong><\/span> sind, wenn bekannt ist oder anzunehmen ist, dass diese durch das Virus der afrikanischen Schweinepest kontaminiert sind.\u00a0 Diese Allgemeinverf\u00fcgung ist <strong><span style=\"color: #800000;\">ab sofort g\u00fcltig<\/span><\/strong>.<\/p>\n<p>Haupt\u00fcbertragungsweg der ASP sind vor allem Blut und andere K\u00f6rperfl\u00fcssigkeiten. Deshalb m\u00fcssen Tierk\u00f6rper bzw. Teile davon beim Transport so verpackt sein, dass ein Austreten von Fl\u00fcssigkeiten effektiv verhindert wird. Als geeignete Beh\u00e4ltnisse sind grds. starre Beh\u00e4lter wie bspw. Wildwannen oder Deckelf\u00e4sser zul\u00e4ssig. Sofern kein Deckel \/ keine Abdeckung existiert kann der Beh\u00e4lter auch mit stabiler Folie verschlossen sein. Die Folie muss durch eine geeignete Methode mit dem Beh\u00e4lter verbunden sein (bspw. Klebeband).<\/p>\n<p>Den Link zum Originaldokument haben wir <a href=\"https:\/\/www.tes.bam.de\/de\/regelwerke\/downloads\/allgemeinverf_adr_afrikanisches-schweinefieber.pdf\" target=\"_blank\" rel=\"noopener\">hier<\/a> hinterlegt.<\/p>\n<h2>Konkretisierung der Pr\u00e4mienvoraussetzungen<\/h2>\n<p>Vom Landesverwaltungsamt wurden die Voraussetzungen zur Zahlung der unten genannten Pr\u00e4mie konkretisiert.<\/p>\n<p>Pr\u00e4mien werden nur gezahlt f\u00fcr:<\/p>\n<p>- untersuchbare Proben von verendet aufgefundenen Wildschweinen,<\/p>\n<p>- untersuchbare Proben von Unfallwild (Schwarzwild),<\/p>\n<p>- untersuchbare Proben von krankheitsauff\u00e4llig erlegten Wildschweine (unter Beachtung der ggf. geltenden lebensmittelrechtlichen Vorschrif-<br \/>\nten),<\/p>\n<p>-untersuchbare Proben von nach dem Aufbruch krankheitsauff\u00e4lligen, er-<br \/>\nlegten Wildschweinen (bei Seuchenverdacht auf eine anzeigepflichtige Tierseuche wird auf \u00a7 4 (5) TierGesG hingewiesen; unter Beachtung der\u00a0ggf. geltenden lebensmittelrechtlichen Vorschriften).<\/p>\n<p>Die Mitteilung im Original haben wir hier zum Nachlesen bereitgestellt: <a href=\"http:\/\/kjs-bitterfeld.de\/wp-content\/uploads\/2018\/01\/19.01.2018.pdf\" target=\"_blank\" rel=\"noopener\">Ver\u00f6ffentlichung Landesverwaltungsamt<\/a><\/p>\n<h2>Pr\u00e4mien zur Fr\u00fcherkennung der ASP<\/h2>\n<p>Heute erreichte uns die Information, dass Jagdaus\u00fcbungsberechtigte, welche im Rahmen ihrer T\u00e4tigkeit gefallene oder verunfallte Wildschweine auffinden und beproben <span style=\"color: #800000;\"><strong>ab 01.02.2018<\/strong><\/span> eine Pr\u00e4mie in H\u00f6he von <strong><span style=\"color: #800000;\">50 Euro<\/span><\/strong> je untersuchungsf\u00e4higer Probe erhalten.<\/p>\n<p>Tupfer und Antr\u00e4ge f\u00fcr die Pr\u00e4mie werden bei den Annahmestellen f\u00fcr die Trichinenprobe, bei der Unteren Jagdbeh\u00f6rde in Bitterfeld und K\u00f6then sowie beim Veterin\u00e4ramt erh\u00e4ltlich sein.<\/p>\n<p>Diese Ma\u00dfnahme soll dazu dienen m\u00f6glichst fr\u00fchzeitig eine eventuelle Einschleppung der ASP zu identifizieren und rechtzeitig notwendige Ma\u00dfnahmen einleiten zu k\u00f6nnen.<\/p>\n<p>Die Untere Jagdbeh\u00f6rde des Landkreises Anhalt-Bitterfeld weist explizit darauf hin, dass Funde von verendetem Schwarzwild umgehend dem <strong><span style=\"color: #800000;\">Veterin\u00e4ramt<\/span><\/strong> des Landkreises Anhalt-Bitterfeld mit genauer Angabe des Fundortes (m\u00f6glichst GPS-Koordinaten mittels Smartphone und bspw. Google Maps ermitteln) zu melden sind. (<strong><span style=\"color: #800000;\">Telefon:\u00a003496\/60140<\/span><\/strong>)<\/p>\n<p>Den Erlass mit allen Details zum Nachlesen finden Sie <a href=\"http:\/\/kjs-bitterfeld.de\/wp-content\/uploads\/2018\/01\/18-01-10_ASP_Pr\u00e4mien_Erlass_Final.pdf\" target=\"_blank\" rel=\"noopener\">hier<\/a>.<\/p>\n<p>Zur entnommenen Probe muss der entsprechende Begleitschein (<a href=\"http:\/\/kjs-bitterfeld.de\/wp-content\/uploads\/2018\/01\/18-01-08_Anlage_ASP_Pr\u00e4mien_Erlass_Antragsformular.pdf\" target=\"_blank\" rel=\"noopener\">Untersuchungsantrag<\/a>) ausgef\u00fcllt werden.<\/p>\n<p>Eine Aufstellung allgemeiner Informationen zur ASP, zur Probenentnahme sowie zu m\u00f6glichen Indikatoren einer Infektion haben wir <a href=\"http:\/\/kjs-bitterfeld.de\/wp-content\/uploads\/2018\/01\/Info-ASP.pdf\" target=\"_blank\" rel=\"noopener\">hier<\/a> hinterlegt.<\/p>\n<h3>Allgemeine Hinweise zur Nutzung dieser Rubrik<\/h3>\n<p>Auf dieser Seite werden wir alle Informationen, Ver\u00f6ffentlichungen der Landkreise, der Jagdbeh\u00f6rden etc. sammeln und unseren Mitgliedern sowie interessierten Besuchern unserer Webseite zur Verf\u00fcgung stellen.<\/p>\n<p>Aktualisierungen der Seite werden \u00fcber das Newslettersystem verteilt, sodass keine wichtigen Informationen verpasst oder \u00fcbersehen werden.<\/p>\n","protected":false},"excerpt":{"rendered":"<p>Allgemeinverf\u00fcgung \"Transport verendeter Sauen\" Die Bundesanstalt f\u00fcr Materialforschung und -pr\u00fcfung (BAM) hat in Abstimmung mit dem Robert-Koch-Institut sowie dem Bundesverkehrsministerium eine Allgemeinverf\u00fcgung herausgegeben, welche regelt wie Tierk\u00f6rper bzw. Teile von Schwarzwild im Stra\u00dfenverkehr zu transportieren sind, wenn bekannt ist oder anzunehmen ist, dass diese durch das Virus der afrikanischen Schweinepest kontaminiert sind.\u00a0 Diese Allgemeinverf\u00fcgung ist <a href=\"https:\/\/www.kjs-bitterfeld.de\/index.php\/afrikanische-schweinepest-asp\/\" class=\"more-link\">...weiterlesen<span class=\"screen-reader-text\"> \"Afrikanische Schweinepest (ASP)\"<\/span><\/a><\/p>\n","protected":false},"author":1,"featured_media":0,"parent":0,"menu_order":0,"comment_status":"closed","ping_status":"closed","template":"","meta":{"_bbp_topic_count":0,"_bbp_reply_count":0,"_bbp_total_topic_count":0,"_bbp_total_reply_count":0,"_bbp_voice_count":0,"_bbp_anonymous_reply_count":0,"_bbp_topic_count_hidden":0,"_bbp_reply_count_hidden":0,"_bbp_forum_subforum_count":0},"_links":{"self":[{"href":"https:\/\/www.kjs-bitterfeld.de\/index.php\/wp-json\/wp\/v2\/pages\/653"}],"collection":[{"href":"https:\/\/www.kjs-bitterfeld.de\/index.php\/wp-json\/wp\/v2\/pages"}],"about":[{"href":"https:\/\/www.kjs-bitterfeld.de\/index.php\/wp-json\/wp\/v2\/types\/page"}],"author":[{"embeddable":true,"href":"https:\/\/www.kjs-bitterfeld.de\/index.php\/wp-json\/wp\/v2\/users\/1"}],"replies":[{"embeddable":true,"href":"https:\/\/www.kjs-bitterfeld.de\/index.php\/wp-json\/wp\/v2\/comments?post=653"}],"version-history":[{"count":9,"href":"https:\/\/www.kjs-bitterfeld.de\/index.php\/wp-json\/wp\/v2\/pages\/653\/revisions"}],"predecessor-version":[{"id":755,"href":"https:\/\/www.kjs-bitterfeld.de\/index.php\/wp-json\/wp\/v2\/pages\/653\/revisions\/755"}],"wp:attachment":[{"href":"https:\/\/www.kjs-bitterfeld.de\/index.php\/wp-json\/wp\/v2\/media?parent=653"}],"curies":[{"name":"wp","href":"https:\/\/api.w.org\/{rel}","templated":true}]}}