{"id":613,"date":"2017-12-02T18:58:40","date_gmt":"2017-12-02T17:58:40","guid":{"rendered":"http:\/\/kjs-bitterfeld.de\/?page_id=613"},"modified":"2025-04-27T14:14:04","modified_gmt":"2025-04-27T14:14:04","slug":"jungjaegerlehrgang-2018","status":"publish","type":"page","link":"https:\/\/www.kjs-bitterfeld.de\/index.php\/jungjaegerlehrgang-2018\/","title":{"rendered":"Jungj\u00e4gerlehrgang"},"content":{"rendered":"<h3>Jungj\u00e4gerlehrgang 2025\/2026<\/h3>\n<p>Der Jungj\u00e4gerlehrgang f\u00fcr die Jahre 2025\/2026 startet am 05.09.2025 und endet im M\u00e4rz 2026.<\/p>\n<p>Bei Interesse am Kurs melden Sie sich bitte per Email an <a href=\"mailto:jagdschule@kjs-bitterfeld.de\">jagdschule@kjs-bitterfeld.de<\/a>.<\/p>\n<p>Aufgrund der r\u00e4umlichen und zeitlichen Gegebenheiten sowie um die Qualit\u00e4t der Ausbildung zu gew\u00e4hrleisten ist die Teilnehmerzahl limitiert.<\/p>\n","protected":false},"excerpt":{"rendered":"<p>Jungj\u00e4gerlehrgang 2025\/2026 Der Jungj\u00e4gerlehrgang f\u00fcr die Jahre 2025\/2026 startet am 05.09.2025 und endet im M\u00e4rz 2026. Bei Interesse am Kurs melden Sie sich bitte per Email an jagdschule@kjs-bitterfeld.de. Aufgrund der r\u00e4umlichen und zeitlichen Gegebenheiten sowie um die Qualit\u00e4t der Ausbildung zu gew\u00e4hrleisten ist die Teilnehmerzahl limitiert.<\/p>\n","protected":false},"author":763,"featured_media":0,"parent":0,"menu_order":0,"comment_status":"closed","ping_status":"closed","template":"","meta":{"_bbp_topic_count":0,"_bbp_reply_count":0,"_bbp_total_topic_count":0,"_bbp_total_reply_count":0,"_bbp_voice_count":0,"_bbp_anonymous_reply_count":0,"_bbp_topic_count_hidden":0,"_bbp_reply_count_hidden":0,"_bbp_forum_subforum_count":0},"_links":{"self":[{"href":"https:\/\/www.kjs-bitterfeld.de\/index.php\/wp-json\/wp\/v2\/pages\/613"}],"collection":[{"href":"https:\/\/www.kjs-bitterfeld.de\/index.php\/wp-json\/wp\/v2\/pages"}],"about":[{"href":"https:\/\/www.kjs-bitterfeld.de\/index.php\/wp-json\/wp\/v2\/types\/page"}],"author":[{"embeddable":true,"href":"https:\/\/www.kjs-bitterfeld.de\/index.php\/wp-json\/wp\/v2\/users\/763"}],"replies":[{"embeddable":true,"href":"https:\/\/www.kjs-bitterfeld.de\/index.php\/wp-json\/wp\/v2\/comments?post=613"}],"version-history":[{"count":32,"href":"https:\/\/www.kjs-bitterfeld.de\/index.php\/wp-json\/wp\/v2\/pages\/613\/revisions"}],"predecessor-version":[{"id":1379,"href":"https:\/\/www.kjs-bitterfeld.de\/index.php\/wp-json\/wp\/v2\/pages\/613\/revisions\/1379"}],"wp:attachment":[{"href":"https:\/\/www.kjs-bitterfeld.de\/index.php\/wp-json\/wp\/v2\/media?parent=613"}],"curies":[{"name":"wp","href":"https:\/\/api.w.org\/{rel}","templated":true}]}}