{"id":55,"date":"2017-03-13T20:36:21","date_gmt":"2017-03-13T19:36:21","guid":{"rendered":"http:\/\/kjs-bitterfeld.acionline.de\/?page_id=55"},"modified":"2018-08-26T18:17:50","modified_gmt":"2018-08-26T16:17:50","slug":"jagd-in-bitterfeld-wolfen","status":"publish","type":"page","link":"https:\/\/www.kjs-bitterfeld.de\/index.php\/jagd-in-bitterfeld-wolfen\/","title":{"rendered":"Jagd in Bitterfeld"},"content":{"rendered":"<p>Hier finden Sie wichtige Informationen zu vielen Themen, die die praktische Jagdaus\u00fcbung betreffen.<\/p>\n<ul>\n<li><a href=\"http:\/\/kjs-bitterfeld.de\/index.php\/kreisjaegermeister\/\">Kreisj\u00e4germeister<\/a><\/li>\n<li><a href=\"http:\/\/kjs-bitterfeld.de\/index.php\/schweisshundefuehrer\/\">Schwei\u00dfhundef\u00fchrer<\/a><\/li>\n<li><a href=\"http:\/\/kjs-bitterfeld.de\/index.php\/hunde\/\">Jagdhunde<\/a><\/li>\n<li><a href=\"http:\/\/kjs-bitterfeld.de\/index.php\/afrikanische-schweinepest-asp\/\">Afrikanische Schweinepest (ASP)<\/a><\/li>\n<li><a href=\"http:\/\/kjs-bitterfeld.de\/index.php\/benachrichtigung-bei-wildunfaellen\/\">Benachrichtigung bei Wildunf\u00e4llen<\/a><\/li>\n<\/ul>\n","protected":false},"excerpt":{"rendered":"<p>Hier finden Sie wichtige Informationen zu vielen Themen, die die praktische Jagdaus\u00fcbung betreffen. Kreisj\u00e4germeister Schwei\u00dfhundef\u00fchrer Jagdhunde Afrikanische Schweinepest (ASP) Benachrichtigung bei Wildunf\u00e4llen<\/p>\n","protected":false},"author":1,"featured_media":0,"parent":0,"menu_order":0,"comment_status":"closed","ping_status":"closed","template":"","meta":{"_bbp_topic_count":0,"_bbp_reply_count":0,"_bbp_total_topic_count":0,"_bbp_total_reply_count":0,"_bbp_voice_count":0,"_bbp_anonymous_reply_count":0,"_bbp_topic_count_hidden":0,"_bbp_reply_count_hidden":0,"_bbp_forum_subforum_count":0},"_links":{"self":[{"href":"https:\/\/www.kjs-bitterfeld.de\/index.php\/wp-json\/wp\/v2\/pages\/55"}],"collection":[{"href":"https:\/\/www.kjs-bitterfeld.de\/index.php\/wp-json\/wp\/v2\/pages"}],"about":[{"href":"https:\/\/www.kjs-bitterfeld.de\/index.php\/wp-json\/wp\/v2\/types\/page"}],"author":[{"embeddable":true,"href":"https:\/\/www.kjs-bitterfeld.de\/index.php\/wp-json\/wp\/v2\/users\/1"}],"replies":[{"embeddable":true,"href":"https:\/\/www.kjs-bitterfeld.de\/index.php\/wp-json\/wp\/v2\/comments?post=55"}],"version-history":[{"count":11,"href":"https:\/\/www.kjs-bitterfeld.de\/index.php\/wp-json\/wp\/v2\/pages\/55\/revisions"}],"predecessor-version":[{"id":851,"href":"https:\/\/www.kjs-bitterfeld.de\/index.php\/wp-json\/wp\/v2\/pages\/55\/revisions\/851"}],"wp:attachment":[{"href":"https:\/\/www.kjs-bitterfeld.de\/index.php\/wp-json\/wp\/v2\/media?parent=55"}],"curies":[{"name":"wp","href":"https:\/\/api.w.org\/{rel}","templated":true}]}}