{"id":53,"date":"2017-03-13T20:36:21","date_gmt":"2017-03-13T19:36:21","guid":{"rendered":"http:\/\/kjs-bitterfeld.acionline.de\/?page_id=53"},"modified":"2026-02-22T13:27:23","modified_gmt":"2026-02-22T13:27:23","slug":"geschichte","status":"publish","type":"page","link":"https:\/\/www.kjs-bitterfeld.de\/index.php\/geschichte\/","title":{"rendered":"Geschichte"},"content":{"rendered":"<p>Hier haben wir einige Fakten &amp; Daten f\u00fcr Sie aus der Gr\u00fcndungszeit unseres Vereins- der Kreisj\u00e4gerschaft Bitterfeld e. V.- zusammengetragen. Auf Grund der Kreisreformen hat die Mitgliederversammlung 2007 beschlossen, den neuen Namen J\u00e4gerschaft Bitterfeld e.V. anzunehmen.<\/p>\n<p><strong>Im Jahr 1990<\/strong><\/p>\n<p>10.04.1990 Zusammenkunft der Gr\u00fcndungsmitglieder<br \/>\nIm April 1990 kam es zu einem Treffen, in dem der Grundstein unserer J\u00e4gerschaft gelegt wurde und an dem folgende J\u00e4ger und Gr\u00fcndungmitglieder beteiligt waren:<br \/>\nSiegfried Fahle, Klaus-Dieter-Gabriel, Olaf Urbasik, Gerd Gro\u00dfmann, Karl-Heinz-H\u00f6bold, Peter Sudhoff, und Wolfgang Ehrig<\/p>\n<p>07.06.1990 Die Satzung<br \/>\nIm Juni des gleichen Jahres wurde dann die Satzung der Kreisj\u00e4gerschaft Bitterfeld e.V. f\u00fcr alle Mitglieder ausgearbeitet.<\/p>\n<p>23.06.1990 Gr\u00fcndung<br \/>\nKurz nach dem Erarbeiten der Satzung fand dann schlie\u00dflich in Burgkemnitz die Gr\u00fcndungsversammlung der Kreisj\u00e4gerschaft Bitterfeld e.V. statt.<\/p>\n<p>10.07.1990 Obm\u00e4nner der KJS Bitterfeld e.V.<br \/>\nNach der Gr\u00fcndung im Juni war nun der n\u00e4chste Schritt n\u00f6tig, und die Obleute aus den verschiedenen Bereichen wurden berufen und nahmen Ihre T\u00e4tigkeit auf.<\/p>\n<p>Damals, 1990, waren das: Hubert Otte (Jagdhundewesen); Walter Scheinpflug, Olaf Urbasik (\u00d6ffentlichkeitsarbeit); Reinhard Griebsch (Brauchtum); Gerhard Schwarzkopf (Naturschutz); Siegfried Fahle (Wildbewirtschaftung); und Karl-Heinz-H\u00f6bold (Ausbildung)<\/p>\n<p><strong>Im Jahr 1992 \/ 1993<\/strong><\/p>\n<p>Unsere Hegeringe<br \/>\n2 bis 3 Jahre sp\u00e4ter wurden dann im Einzugsgebiet der Kreisj\u00e4gerschaft Bitterfeld e.V. die Hegeringe gebildet, welche nun fl\u00e4chendeckend Ihre Arbeit aufnahmen.<\/p>\n<p>Fakten:<br \/>\n26.06.1992 Gr\u00fcndung Hegering Untere Mulde mit 5100 ha<\/p>\n<p>01.09.1992 Gr\u00fcndung Hegering Bitterfelder Land mit 1683 ha<\/p>\n<p>22.01.1993 Gr\u00fcndung Hegering Z\u00f6rbiger Land mit 8811 ha<\/p>\n<p>22.01.1993 Gr\u00fcndung Hegering Heiderand mit 3012 ha<\/p>\n<p>11.03.1993 Gr\u00fcndung Hegering S\u00fcd mit 4828 ha<\/p>\n<p><strong>Im Jahr 2012<\/strong><\/p>\n<p>Reformierung Hegeringstruktur<br \/>\nUnsere Hegeringstruktur wurde in diesem Jahr reformiert.<br \/>\nDie bisher 5 Hegeringe vereinigen sich zu folgenden Gemeinschaften<\/p>\n<p>29.02.2013- Gr\u00fcndung des Hochwildhegeringes<br \/>\n28.02.2013- Gr\u00fcndung des Niederwildhegeringes<\/p>\n<p><strong>Im Jahr 2014<\/strong><\/p>\n<p>Neue Satzung<br \/>\nIn diesem Jahr wurde es erforderlich, unsere alte Satzung komplett neu zu \u00fcberarbeiten. Sie wurde in der Mitgliederversammlung am 29. M\u00e4rz 2014 einstimmig durch die anwesenden Mitglieder beschlossen. Am 18. September wurde sie beim Amtsgericht Stendal in das Vereinsregister eingetragen und ist damit wirksam geworden.<\/p>\n<p><strong>Im Jahr 2022<\/strong><\/p>\n<p>Neue <a href=\"https:\/\/www.kjs-bitterfeld.de\/wp-content\/uploads\/2022\/08\/Satzung-V2.pdf\">Satzung<\/a><br \/>\nIn diesem Jahr wurde es erforderlich, unsere alte Satzung an aktuelle Entwicklungen des Dachverbandes anzupassen. Sie wurde in der Mitgliederversammlung am 30. April 2022 einstimmig durch die anwesenden Mitglieder beschlossen. Am 22. Juni wurde sie beim Amtsgericht Stendal in das Vereinsregister eingetragen und ist damit wirksam geworden.<\/p>\n<p><strong>Im Jahr 2025<\/strong><\/p>\n<p>Im Juni 2025 begehen wir die Feierlichkeiten zum 35-j\u00e4hrigen Bestehen der J\u00e4gerschaft Bitterfeld.<\/p>\n","protected":false},"excerpt":{"rendered":"<p>Hier haben wir einige Fakten &amp; Daten f\u00fcr Sie aus der Gr\u00fcndungszeit unseres Vereins- der Kreisj\u00e4gerschaft Bitterfeld e. V.- zusammengetragen. Auf Grund der Kreisreformen hat die Mitgliederversammlung 2007 beschlossen, den neuen Namen J\u00e4gerschaft Bitterfeld e.V. anzunehmen. Im Jahr 1990 10.04.1990 Zusammenkunft der Gr\u00fcndungsmitglieder Im April 1990 kam es zu einem Treffen, in dem der Grundstein <a href=\"https:\/\/www.kjs-bitterfeld.de\/index.php\/geschichte\/\" class=\"more-link\">...weiterlesen<span class=\"screen-reader-text\"> \"Geschichte\"<\/span><\/a><\/p>\n","protected":false},"author":1,"featured_media":0,"parent":0,"menu_order":0,"comment_status":"closed","ping_status":"closed","template":"","meta":{"_bbp_topic_count":0,"_bbp_reply_count":0,"_bbp_total_topic_count":0,"_bbp_total_reply_count":0,"_bbp_voice_count":0,"_bbp_anonymous_reply_count":0,"_bbp_topic_count_hidden":0,"_bbp_reply_count_hidden":0,"_bbp_forum_subforum_count":0},"_links":{"self":[{"href":"https:\/\/www.kjs-bitterfeld.de\/index.php\/wp-json\/wp\/v2\/pages\/53"}],"collection":[{"href":"https:\/\/www.kjs-bitterfeld.de\/index.php\/wp-json\/wp\/v2\/pages"}],"about":[{"href":"https:\/\/www.kjs-bitterfeld.de\/index.php\/wp-json\/wp\/v2\/types\/page"}],"author":[{"embeddable":true,"href":"https:\/\/www.kjs-bitterfeld.de\/index.php\/wp-json\/wp\/v2\/users\/1"}],"replies":[{"embeddable":true,"href":"https:\/\/www.kjs-bitterfeld.de\/index.php\/wp-json\/wp\/v2\/comments?post=53"}],"version-history":[{"count":6,"href":"https:\/\/www.kjs-bitterfeld.de\/index.php\/wp-json\/wp\/v2\/pages\/53\/revisions"}],"predecessor-version":[{"id":1457,"href":"https:\/\/www.kjs-bitterfeld.de\/index.php\/wp-json\/wp\/v2\/pages\/53\/revisions\/1457"}],"wp:attachment":[{"href":"https:\/\/www.kjs-bitterfeld.de\/index.php\/wp-json\/wp\/v2\/media?parent=53"}],"curies":[{"name":"wp","href":"https:\/\/api.w.org\/{rel}","templated":true}]}}