{"id":42,"date":"2017-02-20T22:22:22","date_gmt":"2017-02-20T21:22:22","guid":{"rendered":"http:\/\/kjs-bitterfeld.acionline.de\/?page_id=42"},"modified":"2019-01-04T17:55:37","modified_gmt":"2019-01-04T16:55:37","slug":"mitglied-werden","status":"publish","type":"page","link":"https:\/\/www.kjs-bitterfeld.de\/index.php\/mitglied-werden\/","title":{"rendered":"Mitglied werden"},"content":{"rendered":"<p>Sie haben Interesse an einer Mitgliedschaft in der J\u00e4gerschaft Bitterfeld e. V.?<\/p>\n<p>Um Mitglied in der J\u00e4gerschaft Bitterfeld zu werden, f\u00fcllen Sie bitte den Aufnahmeantrag in den\u00a0<a href=\"http:\/\/www.ljv-sachsen-anhalt.de\/\" target=\"_blank\" rel=\"noopener\">Landesjagdverband Sachsen-Anhalt<\/a> aus. Diesen senden Sie entweder direkt an den Landesjagdverband, von wo er dann an uns weitergeleitet wird oder Sie senden den Antrag an ein Mitglied unseres\u00a0<a href=\"http:\/\/kjs-bitterfeld.de\/index.php\/vorstand\/\">Vorstandes<\/a>\u00a0per E-Mail, welches\u00a0sich dann um die weitere Abwicklung k\u00fcmmert.<\/p>\n<p>Insgesamt kostet die Mitgliedschaft <strong>95 Euro pro Jahr<\/strong>. Davon sind 55 Euro Mitgliedsbeitrag an den Landesjagdverband und 40 Euro erh\u00e4lt die J\u00e4gerschaft Bitterfeld e. V.<\/p>\n<p>Zus\u00e4tzlich wird \u00fcber den Landesjagdverband Sachsen-Anhalt die M\u00f6glichkeit angeboten f\u00fcr nur <strong>25 Euro j\u00e4hrlich<\/strong> die <a href=\"http:\/\/www.ljv-sachsen-anhalt.de\/service\/versicherungen\/\" target=\"_blank\" rel=\"noopener\">Jagdhaftpflichtversicherung<\/a> zu bekommen. Insbesondere Jungj\u00e4ger\/innen bzw.\u00a0Jagdschulteilnehmer\/innen wollen wir auf dieses Angebot aufmerksam machen - die Versicherung ist sowohl f\u00fcr das Schie\u00dfen auf dem Platz notwendig, als auch f\u00fcr die Beantragung des Jagdscheins obligatorisch.<\/p>\n<p><a href=\"http:\/\/kjs-bitterfeld.de\/wp-content\/uploads\/2017\/02\/aufnahmeantrag_ljv.pdf\" target=\"_blank\" rel=\"noopener\">Aufnahmeantrag Landesjagdverband<\/a><\/p>\n","protected":false},"excerpt":{"rendered":"<p>Sie haben Interesse an einer Mitgliedschaft in der J\u00e4gerschaft Bitterfeld e. V.? Um Mitglied in der J\u00e4gerschaft Bitterfeld zu werden, f\u00fcllen Sie bitte den Aufnahmeantrag in den\u00a0Landesjagdverband Sachsen-Anhalt aus. Diesen senden Sie entweder direkt an den Landesjagdverband, von wo er dann an uns weitergeleitet wird oder Sie senden den Antrag an ein Mitglied unseres\u00a0Vorstandes\u00a0per E-Mail, <a href=\"https:\/\/www.kjs-bitterfeld.de\/index.php\/mitglied-werden\/\" class=\"more-link\">...weiterlesen<span class=\"screen-reader-text\"> \"Mitglied werden\"<\/span><\/a><\/p>\n","protected":false},"author":1,"featured_media":0,"parent":0,"menu_order":0,"comment_status":"closed","ping_status":"closed","template":"","meta":{"_bbp_topic_count":0,"_bbp_reply_count":0,"_bbp_total_topic_count":0,"_bbp_total_reply_count":0,"_bbp_voice_count":0,"_bbp_anonymous_reply_count":0,"_bbp_topic_count_hidden":0,"_bbp_reply_count_hidden":0,"_bbp_forum_subforum_count":0},"_links":{"self":[{"href":"https:\/\/www.kjs-bitterfeld.de\/index.php\/wp-json\/wp\/v2\/pages\/42"}],"collection":[{"href":"https:\/\/www.kjs-bitterfeld.de\/index.php\/wp-json\/wp\/v2\/pages"}],"about":[{"href":"https:\/\/www.kjs-bitterfeld.de\/index.php\/wp-json\/wp\/v2\/types\/page"}],"author":[{"embeddable":true,"href":"https:\/\/www.kjs-bitterfeld.de\/index.php\/wp-json\/wp\/v2\/users\/1"}],"replies":[{"embeddable":true,"href":"https:\/\/www.kjs-bitterfeld.de\/index.php\/wp-json\/wp\/v2\/comments?post=42"}],"version-history":[{"count":11,"href":"https:\/\/www.kjs-bitterfeld.de\/index.php\/wp-json\/wp\/v2\/pages\/42\/revisions"}],"predecessor-version":[{"id":939,"href":"https:\/\/www.kjs-bitterfeld.de\/index.php\/wp-json\/wp\/v2\/pages\/42\/revisions\/939"}],"wp:attachment":[{"href":"https:\/\/www.kjs-bitterfeld.de\/index.php\/wp-json\/wp\/v2\/media?parent=42"}],"curies":[{"name":"wp","href":"https:\/\/api.w.org\/{rel}","templated":true}]}}