{"id":1410,"date":"2025-07-15T16:49:32","date_gmt":"2025-07-15T16:49:32","guid":{"rendered":"https:\/\/www.kjs-bitterfeld.de\/?page_id=1410"},"modified":"2025-07-15T16:57:23","modified_gmt":"2025-07-15T16:57:23","slug":"sepa-mandat","status":"publish","type":"page","link":"https:\/\/www.kjs-bitterfeld.de\/index.php\/sepa-mandat\/","title":{"rendered":"SEPA-Mandat"},"content":{"rendered":"\n<p>Mitteilung an alle Mitglieder der J\u00e4gerschaft Bitterfeld<\/p>\n\n\n\n<p>Beschluss zur verpflichtenden Einf\u00fchrung des Lastschriftverfahrens \u201eSEPA-Mandat\u201c<\/p>\n\n\n\n<p>Liebe Weidgenossinnen und Weidgenossen,<\/p>\n\n\n\n<p>auf der Mitgliederversammlung der J\u00e4gerschaft Bitterfeld am 29. M\u00e4rz 2025 wurde \u00fcber den in der Einladung angek\u00fcndigten Antrag 1 abgestimmt. Dieser sah die verpflichtende Einf\u00fchrung des Lastschriftverfahrens \u201eSEPA-Mandat\u201c f\u00fcr alle Mitglieder vor.<\/p>\n\n\n\n<p>Der Antrag wurde durch den Weidgenossen Christoph Kasch ausf\u00fchrlich begr\u00fcndet und vorgestellt. Im Anschluss wurde er mit gro\u00dfer Mehrheit angenommen: 78 Ja-Stimmen bei 2 Enthaltungen.<\/p>\n\n\n\n<p>Damit ist der Beschluss zur verpflichtenden Teilnahme am SEPA-Lastschriftverfahren wirksam.<\/p>\n\n\n\n<p>Die Mehrheit unserer Mitglieder hat uns das Mandat bereits erteilt. Alle Mitglieder, die bislang noch keine entsprechende Einzugserm\u00e4chtigung erteilt haben, werden hiermit gebeten, dies zeitnah nachzuholen. <\/p>\n\n\n\n<p>Die Einf\u00fchrung des einheitlichen Lastschriftverfahrens dient der Vereinfachung und Automatisierung der Beitragsverwaltung \u2013 und damit auch der Entlastung unserer ehrenamtlich t\u00e4tigen Mitglieder.<\/p>\n\n\n\n<p>Wir bitten daher um Verst\u00e4ndnis und um Mitwirkung bei der z\u00fcgigen Umsetzung dieser Ma\u00dfnahme.<\/p>\n\n\n\n<p>F\u00fcr R\u00fcckfragen stehen wir selbstverst\u00e4ndlich gern zur Verf\u00fcgung.<\/p>\n\n\n\n<p>Der Vorstand<\/p>\n\n\n\n<div class=\"wp-block-file\"><object class=\"wp-block-file__embed\" data=\"https:\/\/www.kjs-bitterfeld.de\/wp-content\/uploads\/2025\/07\/SEPA-Mandat.pdf\" type=\"application\/pdf\" style=\"width:100%;height:600px\" aria-label=\"Einbettung von SEPA-Mandat.\"><\/object><a id=\"wp-block-file--media-87f37204-9a5a-4ac1-8b62-bd6355a00302\" href=\"https:\/\/www.kjs-bitterfeld.de\/wp-content\/uploads\/2025\/07\/SEPA-Mandat.pdf\">SEPA-Mandat<\/a><a href=\"https:\/\/www.kjs-bitterfeld.de\/wp-content\/uploads\/2025\/07\/SEPA-Mandat.pdf\" class=\"wp-block-file__button\" download aria-describedby=\"wp-block-file--media-87f37204-9a5a-4ac1-8b62-bd6355a00302\">Herunterladen<\/a><\/div>\n","protected":false},"excerpt":{"rendered":"<p>Mitteilung an alle Mitglieder der J\u00e4gerschaft Bitterfeld Beschluss zur verpflichtenden Einf\u00fchrung des Lastschriftverfahrens \u201eSEPA-Mandat\u201c Liebe Weidgenossinnen und Weidgenossen, auf der Mitgliederversammlung der J\u00e4gerschaft Bitterfeld am 29. M\u00e4rz 2025 wurde \u00fcber den in der Einladung angek\u00fcndigten Antrag 1 abgestimmt. Dieser sah die verpflichtende Einf\u00fchrung des Lastschriftverfahrens \u201eSEPA-Mandat\u201c f\u00fcr alle Mitglieder vor. Der Antrag wurde durch den <a href=\"https:\/\/www.kjs-bitterfeld.de\/index.php\/sepa-mandat\/\" class=\"more-link\">...weiterlesen<span class=\"screen-reader-text\"> \"SEPA-Mandat\"<\/span><\/a><\/p>\n","protected":false},"author":769,"featured_media":0,"parent":0,"menu_order":0,"comment_status":"closed","ping_status":"closed","template":"","meta":{"_bbp_topic_count":0,"_bbp_reply_count":0,"_bbp_total_topic_count":0,"_bbp_total_reply_count":0,"_bbp_voice_count":0,"_bbp_anonymous_reply_count":0,"_bbp_topic_count_hidden":0,"_bbp_reply_count_hidden":0,"_bbp_forum_subforum_count":0},"_links":{"self":[{"href":"https:\/\/www.kjs-bitterfeld.de\/index.php\/wp-json\/wp\/v2\/pages\/1410"}],"collection":[{"href":"https:\/\/www.kjs-bitterfeld.de\/index.php\/wp-json\/wp\/v2\/pages"}],"about":[{"href":"https:\/\/www.kjs-bitterfeld.de\/index.php\/wp-json\/wp\/v2\/types\/page"}],"author":[{"embeddable":true,"href":"https:\/\/www.kjs-bitterfeld.de\/index.php\/wp-json\/wp\/v2\/users\/769"}],"replies":[{"embeddable":true,"href":"https:\/\/www.kjs-bitterfeld.de\/index.php\/wp-json\/wp\/v2\/comments?post=1410"}],"version-history":[{"count":4,"href":"https:\/\/www.kjs-bitterfeld.de\/index.php\/wp-json\/wp\/v2\/pages\/1410\/revisions"}],"predecessor-version":[{"id":1417,"href":"https:\/\/www.kjs-bitterfeld.de\/index.php\/wp-json\/wp\/v2\/pages\/1410\/revisions\/1417"}],"wp:attachment":[{"href":"https:\/\/www.kjs-bitterfeld.de\/index.php\/wp-json\/wp\/v2\/media?parent=1410"}],"curies":[{"name":"wp","href":"https:\/\/api.w.org\/{rel}","templated":true}]}}