{"id":1275,"date":"2022-12-02T21:07:25","date_gmt":"2022-12-02T21:07:25","guid":{"rendered":"https:\/\/www.kjs-bitterfeld.de\/?page_id=1275"},"modified":"2022-12-02T21:07:25","modified_gmt":"2022-12-02T21:07:25","slug":"fangjagd-auf-privatgrundstuecken","status":"publish","type":"page","link":"https:\/\/www.kjs-bitterfeld.de\/index.php\/fangjagd-auf-privatgrundstuecken\/","title":{"rendered":"Fangjagd auf Privatgrundst\u00fccken"},"content":{"rendered":"\n<p><strong>\u00a7\u00a08\u00a0LJagdG \u2013 Jagdaus\u00fcbung im befriedeten Bezirk<br>(zu \u00a7\u00a06\u00a0BJagdG)<\/strong><\/p>\n\n\n\n<p>H\u00f6fe von Wohngeb\u00e4uden sowie umfriedete G\u00e4rten geh\u00f6ren nach dem deutschen Jagdrecht zu den so bezeichneten befriedeten Bezirken. Dies bedeutet, eine regul\u00e4re Jagd auf Wild durch Jagdaus\u00fcbungsberechtigte darf hier nicht stattfinden.<\/p>\n\n\n\n<p>Es besteht allerdings eine Ausnahme:<\/p>\n\n\n\n<p>Laut \u00a7 8 des Landesjagdgesetzes Sachsen-Anhalt darf jeder Eigent\u00fcmer von befriedeten Bezirken unabh\u00e4ngig von jagdrechtlichen Beschr\u00e4nkungen F\u00fcchse, Steinmarder, Waschb\u00e4ren, Marderhunde, Minke, Nutria und Kaninchen fangen, t\u00f6ten und f\u00fcr sich behalten.<\/p>\n\n\n\n<p>Auf dieser rechtlichen Grundlage ist beispielsweise das Aufstellen von Fallen zum Waschb\u00e4rfang auf dem eigenen (umfriedeten) Grundst\u00fcck erlaubt.<\/p>\n\n\n\n<p>Zum Einsatz kommen in der Regel Holzkasten- oder Drahtgitterfallen, mit denen die Tiere lebend und unversehrt gefangen werden.<\/p>\n\n\n\n<p>Bevor Sie sich aber mit dem Fallenfang befassen, sollten Sie sich \u00fcber die Konsequenzen im Klaren sein. Durch den Fang in der Falle geht das zuvor herrenlose Tier in Ihren Besitz \u00fcber und Sie sind f\u00fcr dieses Tier voll verantwortlich.<\/p>\n\n\n\n<p>Ein Aussetzen lebend gefangener Tiere der o.g. Arten in die Natur bedarf der Genehmigung der unteren Jagdbeh\u00f6rde. Beim Waschb\u00e4ren werden Genehmigungen aufgrund seiner Ausweisung als invasive Art nach EU-Recht in der Regel nicht erteilt.<\/p>\n\n\n\n<p>Eine T\u00f6tung durch Unterlassung (Verhungern\/Verdursten in der Falle) oder Ertr\u00e4nken in der Regentonne stellen eklatante Verst\u00f6\u00dfe gegen das Tierschutzrecht dar und werden geahndet.<\/p>\n\n\n\n<p>Um ein Wirbeltier zu t\u00f6ten, bedarf es nach \u00a7 4 des Tierschutzgesetzes eines Nachweises \u00fcber die ben\u00f6tigten Kenntnisse und F\u00e4higkeiten. Bei Inhabern einer Jagderlaubnis ist dies gegeben.<\/p>\n\n\n\n<p>\u00dcberlegen Sie bitte vor dem Aufstellen einer Falle, wie mit dem gefangenem Tier verfahren werden soll. Kontaktieren Sie einen zust\u00e4ndigen J\u00e4ger und besprechen Sie mit ihm Ihr Vorhaben.<\/p>\n\n\n\n<p>Immer wieder erreichen uns Anfragen von B\u00fcrgern, welche Wildtiere in Lebendfallen gefangen haben und sich \u00fcber die weitere Vorgehensweise im Unklaren sind.<\/p>\n\n\n\n<p>Um vermeidbares Leid oder Schmerzen der Wildtiere zu verhindern, erkl\u00e4ren sich J\u00e4ger bereit, die Fallenf\u00e4nge fachgerecht zu erlegen. Da dies mit der Schusswaffe nur in dem Revier des J\u00e4gers stattfinden darf, fallen f\u00fcr den Transport und gegebenenfalls die Entsorgung des Kadavers teils erhebliche Aufwendungen an.<\/p>\n\n\n\n<p>Eine Aufwandsentsch\u00e4digung vereinbaren Sie direkt mit dem J\u00e4ger, der Sie kontaktiert.<\/p>\n","protected":false},"excerpt":{"rendered":"<p>\u00a7\u00a08\u00a0LJagdG \u2013 Jagdaus\u00fcbung im befriedeten Bezirk(zu \u00a7\u00a06\u00a0BJagdG) H\u00f6fe von Wohngeb\u00e4uden sowie umfriedete G\u00e4rten geh\u00f6ren nach dem deutschen Jagdrecht zu den so bezeichneten befriedeten Bezirken. Dies bedeutet, eine regul\u00e4re Jagd auf Wild durch Jagdaus\u00fcbungsberechtigte darf hier nicht stattfinden. Es besteht allerdings eine Ausnahme: Laut \u00a7 8 des Landesjagdgesetzes Sachsen-Anhalt darf jeder Eigent\u00fcmer von befriedeten Bezirken unabh\u00e4ngig <a href=\"https:\/\/www.kjs-bitterfeld.de\/index.php\/fangjagd-auf-privatgrundstuecken\/\" class=\"more-link\">...weiterlesen<span class=\"screen-reader-text\"> \"Fangjagd auf Privatgrundst\u00fccken\"<\/span><\/a><\/p>\n","protected":false},"author":1,"featured_media":0,"parent":0,"menu_order":0,"comment_status":"closed","ping_status":"closed","template":"","meta":{"_bbp_topic_count":0,"_bbp_reply_count":0,"_bbp_total_topic_count":0,"_bbp_total_reply_count":0,"_bbp_voice_count":0,"_bbp_anonymous_reply_count":0,"_bbp_topic_count_hidden":0,"_bbp_reply_count_hidden":0,"_bbp_forum_subforum_count":0},"_links":{"self":[{"href":"https:\/\/www.kjs-bitterfeld.de\/index.php\/wp-json\/wp\/v2\/pages\/1275"}],"collection":[{"href":"https:\/\/www.kjs-bitterfeld.de\/index.php\/wp-json\/wp\/v2\/pages"}],"about":[{"href":"https:\/\/www.kjs-bitterfeld.de\/index.php\/wp-json\/wp\/v2\/types\/page"}],"author":[{"embeddable":true,"href":"https:\/\/www.kjs-bitterfeld.de\/index.php\/wp-json\/wp\/v2\/users\/1"}],"replies":[{"embeddable":true,"href":"https:\/\/www.kjs-bitterfeld.de\/index.php\/wp-json\/wp\/v2\/comments?post=1275"}],"version-history":[{"count":1,"href":"https:\/\/www.kjs-bitterfeld.de\/index.php\/wp-json\/wp\/v2\/pages\/1275\/revisions"}],"predecessor-version":[{"id":1276,"href":"https:\/\/www.kjs-bitterfeld.de\/index.php\/wp-json\/wp\/v2\/pages\/1275\/revisions\/1276"}],"wp:attachment":[{"href":"https:\/\/www.kjs-bitterfeld.de\/index.php\/wp-json\/wp\/v2\/media?parent=1275"}],"curies":[{"name":"wp","href":"https:\/\/api.w.org\/{rel}","templated":true}]}}