{"id":118,"date":"2017-03-15T20:25:32","date_gmt":"2017-03-15T19:25:32","guid":{"rendered":"http:\/\/kjs-bitterfeld.acionline.de\/?page_id=118"},"modified":"2021-08-02T10:31:53","modified_gmt":"2021-08-02T08:31:53","slug":"jagdhornblaeser","status":"publish","type":"page","link":"https:\/\/www.kjs-bitterfeld.de\/index.php\/jagdhornblaeser\/","title":{"rendered":"Jagdhornbl\u00e4ser"},"content":{"rendered":"<p>Die J\u00e4gerschaft Bitterfeld e.V. verf\u00fcgt \u00fcber eine Jagdhornbl\u00e4sergruppe.<\/p>\n<p>Die \u00dcbungsabende finden jeden Donnerstag statt, Auftritte bei Veranstaltungen<br \/>\nund Leistungsvergleichen i.d.R. an Wochenenden.<\/p>\n<p>Der Einstieg ist sowohl f\u00fcr Anf\u00e4nger als auch f\u00fcr Fortgeschrittene jeden Alters m\u00f6glich.<\/p>\n<p>Weitere Informationen erhalten Sie bei:<\/p>\n<p><strong>Fred Scheiter<\/strong><br \/>\n<strong>f.scheiter@kjs-bitterfeld.de<\/strong><br \/>\n<strong>0172 \/ 79 20 047<\/strong><\/p>\n","protected":false},"excerpt":{"rendered":"<p>Die J\u00e4gerschaft Bitterfeld e.V. verf\u00fcgt \u00fcber eine Jagdhornbl\u00e4sergruppe. Die \u00dcbungsabende finden jeden Donnerstag statt, Auftritte bei Veranstaltungen und Leistungsvergleichen i.d.R. an Wochenenden. Der Einstieg ist sowohl f\u00fcr Anf\u00e4nger als auch f\u00fcr Fortgeschrittene jeden Alters m\u00f6glich. Weitere Informationen erhalten Sie bei: Fred Scheiter f.scheiter@kjs-bitterfeld.de 0172 \/ 79 20 047<\/p>\n","protected":false},"author":764,"featured_media":0,"parent":0,"menu_order":0,"comment_status":"closed","ping_status":"closed","template":"","meta":{"_bbp_topic_count":0,"_bbp_reply_count":0,"_bbp_total_topic_count":0,"_bbp_total_reply_count":0,"_bbp_voice_count":0,"_bbp_anonymous_reply_count":0,"_bbp_topic_count_hidden":0,"_bbp_reply_count_hidden":0,"_bbp_forum_subforum_count":0},"_links":{"self":[{"href":"https:\/\/www.kjs-bitterfeld.de\/index.php\/wp-json\/wp\/v2\/pages\/118"}],"collection":[{"href":"https:\/\/www.kjs-bitterfeld.de\/index.php\/wp-json\/wp\/v2\/pages"}],"about":[{"href":"https:\/\/www.kjs-bitterfeld.de\/index.php\/wp-json\/wp\/v2\/types\/page"}],"author":[{"embeddable":true,"href":"https:\/\/www.kjs-bitterfeld.de\/index.php\/wp-json\/wp\/v2\/users\/764"}],"replies":[{"embeddable":true,"href":"https:\/\/www.kjs-bitterfeld.de\/index.php\/wp-json\/wp\/v2\/comments?post=118"}],"version-history":[{"count":3,"href":"https:\/\/www.kjs-bitterfeld.de\/index.php\/wp-json\/wp\/v2\/pages\/118\/revisions"}],"predecessor-version":[{"id":917,"href":"https:\/\/www.kjs-bitterfeld.de\/index.php\/wp-json\/wp\/v2\/pages\/118\/revisions\/917"}],"wp:attachment":[{"href":"https:\/\/www.kjs-bitterfeld.de\/index.php\/wp-json\/wp\/v2\/media?parent=118"}],"curies":[{"name":"wp","href":"https:\/\/api.w.org\/{rel}","templated":true}]}}